{"id":58,"date":"2023-04-27T06:43:02","date_gmt":"2023-04-27T06:43:02","guid":{"rendered":"https:\/\/23rhahn.ideanet.at\/?page_id=58"},"modified":"2023-05-12T11:09:44","modified_gmt":"2023-05-12T11:09:44","slug":"ueber-mich","status":"publish","type":"page","link":"https:\/\/23rhahn.ideanet.at\/?page_id=58","title":{"rendered":"\u00dcber mich"},"content":{"rendered":"\t\t<div data-elementor-type=\"wp-page\" data-elementor-id=\"58\" class=\"elementor elementor-58\">\n\t\t\t\t\t\t<section class=\"elementor-section elementor-top-section elementor-element elementor-element-5eed5ab elementor-section-boxed elementor-section-height-default elementor-section-height-default\" data-id=\"5eed5ab\" data-element_type=\"section\" data-e-type=\"section\">\n\t\t\t\t\t\t<div class=\"elementor-container elementor-column-gap-default\">\n\t\t\t\t\t<div class=\"elementor-column elementor-col-50 elementor-top-column elementor-element elementor-element-973dcc9\" data-id=\"973dcc9\" data-element_type=\"column\" data-e-type=\"column\">\n\t\t\t<div class=\"elementor-widget-wrap elementor-element-populated\">\n\t\t\t\t\t\t<div class=\"elementor-element elementor-element-acb7456 elementor-widget elementor-widget-image\" data-id=\"acb7456\" data-element_type=\"widget\" data-e-type=\"widget\" data-widget_type=\"image.default\">\n\t\t\t\t<div class=\"elementor-widget-container\">\n\t\t\t\t\t\t\t\t\t\t\t\t\t\t\t<img fetchpriority=\"high\" decoding=\"async\" width=\"819\" height=\"1024\" src=\"https:\/\/23rhahn.ideanet.at\/wp-content\/uploads\/2023\/05\/DSC_9218-1-819x1024.jpg\" class=\"attachment-large size-large wp-image-107\" alt=\"\" srcset=\"https:\/\/23rhahn.ideanet.at\/wp-content\/uploads\/2023\/05\/DSC_9218-1-819x1024.jpg 819w, https:\/\/23rhahn.ideanet.at\/wp-content\/uploads\/2023\/05\/DSC_9218-1-240x300.jpg 240w, https:\/\/23rhahn.ideanet.at\/wp-content\/uploads\/2023\/05\/DSC_9218-1-768x960.jpg 768w, https:\/\/23rhahn.ideanet.at\/wp-content\/uploads\/2023\/05\/DSC_9218-1-1229x1536.jpg 1229w, https:\/\/23rhahn.ideanet.at\/wp-content\/uploads\/2023\/05\/DSC_9218-1-1638x2048.jpg 1638w, https:\/\/23rhahn.ideanet.at\/wp-content\/uploads\/2023\/05\/DSC_9218-1-scaled.jpg 2048w\" sizes=\"(max-width: 819px) 100vw, 819px\" \/>\t\t\t\t\t\t\t\t\t\t\t\t\t\t\t<\/div>\n\t\t\t\t<\/div>\n\t\t\t\t\t<\/div>\n\t\t<\/div>\n\t\t\t\t<div class=\"elementor-column elementor-col-50 elementor-top-column elementor-element elementor-element-5df7831\" data-id=\"5df7831\" data-element_type=\"column\" data-e-type=\"column\">\n\t\t\t<div class=\"elementor-widget-wrap elementor-element-populated\">\n\t\t\t\t\t\t<div class=\"elementor-element elementor-element-da2b3d2 elementor-widget elementor-widget-text-editor\" data-id=\"da2b3d2\" data-element_type=\"widget\" data-e-type=\"widget\" data-widget_type=\"text-editor.default\">\n\t\t\t\t<div class=\"elementor-widget-container\">\n\t\t\t\t\t\t\t\t\t<h5>Mein Name ist Richard und ich bin 15 Jahre alt. In meiner Freizeit verbringe ich viel Zeit mit Fotografie und Videografie. Speziell gef\u00e4llt mir das Fotografieren von V\u00f6geln, die mich in meinem Garten besuchen. Da ich direkt an einem Waldrand wohne, zeigen sich ganz fr\u00fch morgens auch gerne einmal Rehe. Morgens um 4 Uhr aufzustehen um die Gelegenheit zu nutzen diese Tiere zu fotografieren liebe ich. Wenn du auch ein Naturliebhaber bist und auch gerne einmal verreist, bist du auf dieser Seite genau richtig!&nbsp;<\/h5>\t\t\t\t\t\t\t\t<\/div>\n\t\t\t\t<\/div>\n\t\t\t\t<div class=\"elementor-element elementor-element-85913e1 elementor-view-default elementor-widget elementor-widget-icon\" data-id=\"85913e1\" data-element_type=\"widget\" data-e-type=\"widget\" data-widget_type=\"icon.default\">\n\t\t\t\t<div class=\"elementor-widget-container\">\n\t\t\t\t\t\t\t<div class=\"elementor-icon-wrapper\">\n\t\t\t<div class=\"elementor-icon\">\n\t\t\t<i aria-hidden=\"true\" class=\"fas fa-camera\"><\/i>\t\t\t<\/div>\n\t\t<\/div>\n\t\t\t\t\t\t<\/div>\n\t\t\t\t<\/div>\n\t\t\t\t<div class=\"elementor-element elementor-element-b74b912 elementor-widget elementor-widget-image-gallery\" data-id=\"b74b912\" data-element_type=\"widget\" data-e-type=\"widget\" data-widget_type=\"image-gallery.default\">\n\t\t\t\t<div class=\"elementor-widget-container\">\n\t\t\t\t\t\t\t<div class=\"elementor-image-gallery\">\n\t\t\t<div id='gallery-1' class='gallery galleryid-58 gallery-columns-4 gallery-size-thumbnail'><figure class='gallery-item'>\n\t\t\t<div class='gallery-icon portrait'>\n\t\t\t\t<a data-elementor-open-lightbox=\"yes\" data-elementor-lightbox-slideshow=\"b74b912\" data-elementor-lightbox-title=\"DSC_2402_crop1\" data-e-action-hash=\"#elementor-action%3Aaction%3Dlightbox%26settings%3DeyJpZCI6MTEyLCJ1cmwiOiJodHRwczpcL1wvMjNyaGFobi5pZGVhbmV0LmF0XC93cC1jb250ZW50XC91cGxvYWRzXC8yMDIzXC8wNVwvRFNDXzI0MDJfY3JvcDEuanBnIiwic2xpZGVzaG93IjoiYjc0YjkxMiJ9\" href='https:\/\/23rhahn.ideanet.at\/wp-content\/uploads\/2023\/05\/DSC_2402_crop1.jpg'><img decoding=\"async\" width=\"150\" height=\"150\" src=\"https:\/\/23rhahn.ideanet.at\/wp-content\/uploads\/2023\/05\/DSC_2402_crop1-150x150.jpg\" class=\"attachment-thumbnail size-thumbnail\" alt=\"\" \/><\/a>\n\t\t\t<\/div><\/figure><figure class='gallery-item'>\n\t\t\t<div class='gallery-icon portrait'>\n\t\t\t\t<a data-elementor-open-lightbox=\"yes\" data-elementor-lightbox-slideshow=\"b74b912\" data-elementor-lightbox-title=\"DSC_1917-2_crop\" data-e-action-hash=\"#elementor-action%3Aaction%3Dlightbox%26settings%3DeyJpZCI6MTEzLCJ1cmwiOiJodHRwczpcL1wvMjNyaGFobi5pZGVhbmV0LmF0XC93cC1jb250ZW50XC91cGxvYWRzXC8yMDIzXC8wNVwvRFNDXzE5MTctMl9jcm9wLXNjYWxlZC5qcGciLCJzbGlkZXNob3ciOiJiNzRiOTEyIn0%3D\" href='https:\/\/23rhahn.ideanet.at\/wp-content\/uploads\/2023\/05\/DSC_1917-2_crop-scaled.jpg'><img decoding=\"async\" width=\"150\" height=\"150\" src=\"https:\/\/23rhahn.ideanet.at\/wp-content\/uploads\/2023\/05\/DSC_1917-2_crop-150x150.jpg\" class=\"attachment-thumbnail size-thumbnail\" alt=\"\" \/><\/a>\n\t\t\t<\/div><\/figure><figure class='gallery-item'>\n\t\t\t<div class='gallery-icon landscape'>\n\t\t\t\t<a data-elementor-open-lightbox=\"yes\" data-elementor-lightbox-slideshow=\"b74b912\" data-elementor-lightbox-title=\"DSC_1558_crop\" data-e-action-hash=\"#elementor-action%3Aaction%3Dlightbox%26settings%3DeyJpZCI6MTE0LCJ1cmwiOiJodHRwczpcL1wvMjNyaGFobi5pZGVhbmV0LmF0XC93cC1jb250ZW50XC91cGxvYWRzXC8yMDIzXC8wNVwvRFNDXzE1NThfY3JvcC1zY2FsZWQuanBnIiwic2xpZGVzaG93IjoiYjc0YjkxMiJ9\" href='https:\/\/23rhahn.ideanet.at\/wp-content\/uploads\/2023\/05\/DSC_1558_crop-scaled.jpg'><img loading=\"lazy\" decoding=\"async\" width=\"150\" height=\"150\" src=\"https:\/\/23rhahn.ideanet.at\/wp-content\/uploads\/2023\/05\/DSC_1558_crop-150x150.jpg\" class=\"attachment-thumbnail size-thumbnail\" alt=\"\" srcset=\"https:\/\/23rhahn.ideanet.at\/wp-content\/uploads\/2023\/05\/DSC_1558_crop-150x150.jpg 150w, https:\/\/23rhahn.ideanet.at\/wp-content\/uploads\/2023\/05\/DSC_1558_crop-300x300.jpg 300w, https:\/\/23rhahn.ideanet.at\/wp-content\/uploads\/2023\/05\/DSC_1558_crop-1024x1024.jpg 1024w, https:\/\/23rhahn.ideanet.at\/wp-content\/uploads\/2023\/05\/DSC_1558_crop-768x768.jpg 768w, https:\/\/23rhahn.ideanet.at\/wp-content\/uploads\/2023\/05\/DSC_1558_crop-1536x1536.jpg 1536w, https:\/\/23rhahn.ideanet.at\/wp-content\/uploads\/2023\/05\/DSC_1558_crop-2048x2048.jpg 2048w\" sizes=\"(max-width: 150px) 100vw, 150px\" \/><\/a>\n\t\t\t<\/div><\/figure><figure class='gallery-item'>\n\t\t\t<div class='gallery-icon portrait'>\n\t\t\t\t<a data-elementor-open-lightbox=\"yes\" data-elementor-lightbox-slideshow=\"b74b912\" data-elementor-lightbox-title=\"DSC_5332\" data-e-action-hash=\"#elementor-action%3Aaction%3Dlightbox%26settings%3DeyJpZCI6MTE1LCJ1cmwiOiJodHRwczpcL1wvMjNyaGFobi5pZGVhbmV0LmF0XC93cC1jb250ZW50XC91cGxvYWRzXC8yMDIzXC8wNVwvRFNDXzUzMzItc2NhbGVkLmpwZyIsInNsaWRlc2hvdyI6ImI3NGI5MTIifQ%3D%3D\" href='https:\/\/23rhahn.ideanet.at\/wp-content\/uploads\/2023\/05\/DSC_5332-scaled.jpg'><img loading=\"lazy\" decoding=\"async\" width=\"150\" height=\"150\" src=\"https:\/\/23rhahn.ideanet.at\/wp-content\/uploads\/2023\/05\/DSC_5332-150x150.jpg\" class=\"attachment-thumbnail size-thumbnail\" alt=\"\" \/><\/a>\n\t\t\t<\/div><\/figure><figure class='gallery-item'>\n\t\t\t<div class='gallery-icon portrait'>\n\t\t\t\t<a data-elementor-open-lightbox=\"yes\" data-elementor-lightbox-slideshow=\"b74b912\" data-elementor-lightbox-title=\"DSC_5339\" data-e-action-hash=\"#elementor-action%3Aaction%3Dlightbox%26settings%3DeyJpZCI6MTE2LCJ1cmwiOiJodHRwczpcL1wvMjNyaGFobi5pZGVhbmV0LmF0XC93cC1jb250ZW50XC91cGxvYWRzXC8yMDIzXC8wNVwvRFNDXzUzMzktc2NhbGVkLmpwZyIsInNsaWRlc2hvdyI6ImI3NGI5MTIifQ%3D%3D\" href='https:\/\/23rhahn.ideanet.at\/wp-content\/uploads\/2023\/05\/DSC_5339-scaled.jpg'><img loading=\"lazy\" decoding=\"async\" width=\"150\" height=\"150\" src=\"https:\/\/23rhahn.ideanet.at\/wp-content\/uploads\/2023\/05\/DSC_5339-150x150.jpg\" class=\"attachment-thumbnail size-thumbnail\" alt=\"\" \/><\/a>\n\t\t\t<\/div><\/figure><figure class='gallery-item'>\n\t\t\t<div class='gallery-icon portrait'>\n\t\t\t\t<a data-elementor-open-lightbox=\"yes\" data-elementor-lightbox-slideshow=\"b74b912\" data-elementor-lightbox-title=\"DSC_5344\" data-e-action-hash=\"#elementor-action%3Aaction%3Dlightbox%26settings%3DeyJpZCI6MTE3LCJ1cmwiOiJodHRwczpcL1wvMjNyaGFobi5pZGVhbmV0LmF0XC93cC1jb250ZW50XC91cGxvYWRzXC8yMDIzXC8wNVwvRFNDXzUzNDQtc2NhbGVkLmpwZyIsInNsaWRlc2hvdyI6ImI3NGI5MTIifQ%3D%3D\" href='https:\/\/23rhahn.ideanet.at\/wp-content\/uploads\/2023\/05\/DSC_5344-scaled.jpg'><img loading=\"lazy\" decoding=\"async\" width=\"150\" height=\"150\" src=\"https:\/\/23rhahn.ideanet.at\/wp-content\/uploads\/2023\/05\/DSC_5344-150x150.jpg\" class=\"attachment-thumbnail size-thumbnail\" alt=\"\" \/><\/a>\n\t\t\t<\/div><\/figure><figure class='gallery-item'>\n\t\t\t<div class='gallery-icon portrait'>\n\t\t\t\t<a data-elementor-open-lightbox=\"yes\" data-elementor-lightbox-slideshow=\"b74b912\" data-elementor-lightbox-title=\"DSC_5827\" data-e-action-hash=\"#elementor-action%3Aaction%3Dlightbox%26settings%3DeyJpZCI6MTA5LCJ1cmwiOiJodHRwczpcL1wvMjNyaGFobi5pZGVhbmV0LmF0XC93cC1jb250ZW50XC91cGxvYWRzXC8yMDIzXC8wNVwvRFNDXzU4MjcuanBnIiwic2xpZGVzaG93IjoiYjc0YjkxMiJ9\" href='https:\/\/23rhahn.ideanet.at\/wp-content\/uploads\/2023\/05\/DSC_5827.jpg'><img loading=\"lazy\" decoding=\"async\" width=\"150\" height=\"150\" src=\"https:\/\/23rhahn.ideanet.at\/wp-content\/uploads\/2023\/05\/DSC_5827-150x150.jpg\" class=\"attachment-thumbnail size-thumbnail\" alt=\"\" \/><\/a>\n\t\t\t<\/div><\/figure><figure class='gallery-item'>\n\t\t\t<div class='gallery-icon landscape'>\n\t\t\t\t<a data-elementor-open-lightbox=\"yes\" data-elementor-lightbox-slideshow=\"b74b912\" data-elementor-lightbox-title=\"DSC_2583\" data-e-action-hash=\"#elementor-action%3Aaction%3Dlightbox%26settings%3DeyJpZCI6MTEwLCJ1cmwiOiJodHRwczpcL1wvMjNyaGFobi5pZGVhbmV0LmF0XC93cC1jb250ZW50XC91cGxvYWRzXC8yMDIzXC8wNVwvRFNDXzI1ODMtc2NhbGVkLmpwZyIsInNsaWRlc2hvdyI6ImI3NGI5MTIifQ%3D%3D\" href='https:\/\/23rhahn.ideanet.at\/wp-content\/uploads\/2023\/05\/DSC_2583-scaled.jpg'><img loading=\"lazy\" decoding=\"async\" width=\"150\" height=\"150\" src=\"https:\/\/23rhahn.ideanet.at\/wp-content\/uploads\/2023\/05\/DSC_2583-150x150.jpg\" class=\"attachment-thumbnail size-thumbnail\" alt=\"\" srcset=\"https:\/\/23rhahn.ideanet.at\/wp-content\/uploads\/2023\/05\/DSC_2583-150x150.jpg 150w, https:\/\/23rhahn.ideanet.at\/wp-content\/uploads\/2023\/05\/DSC_2583-300x300.jpg 300w, https:\/\/23rhahn.ideanet.at\/wp-content\/uploads\/2023\/05\/DSC_2583-1024x1024.jpg 1024w, https:\/\/23rhahn.ideanet.at\/wp-content\/uploads\/2023\/05\/DSC_2583-768x768.jpg 768w, https:\/\/23rhahn.ideanet.at\/wp-content\/uploads\/2023\/05\/DSC_2583-1536x1536.jpg 1536w, https:\/\/23rhahn.ideanet.at\/wp-content\/uploads\/2023\/05\/DSC_2583-2048x2048.jpg 2048w\" sizes=\"(max-width: 150px) 100vw, 150px\" \/><\/a>\n\t\t\t<\/div><\/figure>\n\t\t<\/div>\n\t\t<\/div>\n\t\t\t\t\t\t<\/div>\n\t\t\t\t<\/div>\n\t\t\t\t\t<\/div>\n\t\t<\/div>\n\t\t\t\t\t<\/div>\n\t\t<\/section>\n\t\t\t\t<\/div>\n\t\t<div class=\"shariff shariff-align-center shariff-widget-align-center\"><ul class=\"shariff-buttons theme-round orientation-horizontal buttonsize-medium\"><li class=\"shariff-button whatsapp shariff-nocustomcolor\" style=\"background-color:#5cbe4a;border-radius:25%\"><a href=\"https:\/\/api.whatsapp.com\/send?text=https%3A%2F%2F23rhahn.ideanet.at%2F%3Fpage_id%3D58%20%C3%9Cber%20mich\" title=\"Bei Whatsapp teilen\" aria-label=\"Bei Whatsapp teilen\" role=\"button\" rel=\"noopener nofollow\" class=\"shariff-link\" style=\";border-radius:25%; background-color:#34af23; color:#fff\" target=\"_blank\"><span class=\"shariff-icon\" style=\"\"><svg width=\"32px\" height=\"20px\" xmlns=\"http:\/\/www.w3.org\/2000\/svg\" viewBox=\"0 0 32 32\"><path fill=\"#34af23\" d=\"M17.6 17.4q0.2 0 1.7 0.8t1.6 0.9q0 0.1 0 0.3 0 0.6-0.3 1.4-0.3 0.7-1.3 1.2t-1.8 0.5q-1 0-3.4-1.1-1.7-0.8-3-2.1t-2.6-3.3q-1.3-1.9-1.3-3.5v-0.1q0.1-1.6 1.3-2.8 0.4-0.4 0.9-0.4 0.1 0 0.3 0t0.3 0q0.3 0 0.5 0.1t0.3 0.5q0.1 0.4 0.6 1.6t0.4 1.3q0 0.4-0.6 1t-0.6 0.8q0 0.1 0.1 0.3 0.6 1.3 1.8 2.4 1 0.9 2.7 1.8 0.2 0.1 0.4 0.1 0.3 0 1-0.9t0.9-0.9zM14 26.9q2.3 0 4.3-0.9t3.6-2.4 2.4-3.6 0.9-4.3-0.9-4.3-2.4-3.6-3.6-2.4-4.3-0.9-4.3 0.9-3.6 2.4-2.4 3.6-0.9 4.3q0 3.6 2.1 6.6l-1.4 4.2 4.3-1.4q2.8 1.9 6.2 1.9zM14 2.2q2.7 0 5.2 1.1t4.3 2.9 2.9 4.3 1.1 5.2-1.1 5.2-2.9 4.3-4.3 2.9-5.2 1.1q-3.5 0-6.5-1.7l-7.4 2.4 2.4-7.2q-1.9-3.2-1.9-6.9 0-2.7 1.1-5.2t2.9-4.3 4.3-2.9 5.2-1.1z\"\/><\/svg><\/span><\/a><\/li><li class=\"shariff-button facebook shariff-nocustomcolor\" style=\"background-color:#4273c8;border-radius:25%\"><a href=\"https:\/\/www.facebook.com\/sharer\/sharer.php?u=https%3A%2F%2F23rhahn.ideanet.at%2F%3Fpage_id%3D58\" title=\"Bei Facebook teilen\" aria-label=\"Bei Facebook teilen\" role=\"button\" rel=\"nofollow\" class=\"shariff-link\" style=\";border-radius:25%; background-color:#3b5998; color:#fff\" target=\"_blank\"><span class=\"shariff-icon\" style=\"\"><svg width=\"32px\" height=\"20px\" xmlns=\"http:\/\/www.w3.org\/2000\/svg\" viewBox=\"0 0 18 32\"><path fill=\"#3b5998\" d=\"M17.1 0.2v4.7h-2.8q-1.5 0-2.1 0.6t-0.5 1.9v3.4h5.2l-0.7 5.3h-4.5v13.6h-5.5v-13.6h-4.5v-5.3h4.5v-3.9q0-3.3 1.9-5.2t5-1.8q2.6 0 4.1 0.2z\"\/><\/svg><\/span><\/a><\/li><li class=\"shariff-button linkedin shariff-nocustomcolor\" style=\"background-color:#1488bf;border-radius:25%\"><a href=\"https:\/\/www.linkedin.com\/sharing\/share-offsite\/?url=https%3A%2F%2F23rhahn.ideanet.at%2F%3Fpage_id%3D58\" title=\"Bei LinkedIn teilen\" aria-label=\"Bei LinkedIn teilen\" role=\"button\" rel=\"noopener nofollow\" class=\"shariff-link\" style=\";border-radius:25%; background-color:#0077b5; color:#fff\" target=\"_blank\"><span class=\"shariff-icon\" style=\"\"><svg width=\"32px\" height=\"20px\" xmlns=\"http:\/\/www.w3.org\/2000\/svg\" viewBox=\"0 0 27 32\"><path fill=\"#0077b5\" d=\"M6.2 11.2v17.7h-5.9v-17.7h5.9zM6.6 5.7q0 1.3-0.9 2.2t-2.4 0.9h0q-1.5 0-2.4-0.9t-0.9-2.2 0.9-2.2 2.4-0.9 2.4 0.9 0.9 2.2zM27.4 18.7v10.1h-5.9v-9.5q0-1.9-0.7-2.9t-2.3-1.1q-1.1 0-1.9 0.6t-1.2 1.5q-0.2 0.5-0.2 1.4v9.9h-5.9q0-7.1 0-11.6t0-5.3l0-0.9h5.9v2.6h0q0.4-0.6 0.7-1t1-0.9 1.6-0.8 2-0.3q3 0 4.9 2t1.9 6z\"\/><\/svg><\/span><\/a><\/li><li class=\"shariff-button telegram shariff-nocustomcolor\" style=\"background-color:#4084A6;border-radius:25%\"><a href=\"https:\/\/telegram.me\/share\/url?url=https%3A%2F%2F23rhahn.ideanet.at%2F%3Fpage_id%3D58&text=%C3%9Cber%20mich\" title=\"Bei Telegram teilen\" aria-label=\"Bei Telegram teilen\" role=\"button\" rel=\"noopener nofollow\" class=\"shariff-link\" style=\";border-radius:25%; background-color:#0088cc; color:#fff\" target=\"_blank\"><span class=\"shariff-icon\" style=\"\"><svg width=\"32px\" height=\"20px\" xmlns=\"http:\/\/www.w3.org\/2000\/svg\" viewBox=\"0 0 32 32\"><path fill=\"#0088cc\" d=\"M30.8 6.5l-4.5 21.4c-.3 1.5-1.2 1.9-2.5 1.2L16.9 24l-3.3 3.2c-.4.4-.7.7-1.4.7l.5-7L25.5 9.2c.6-.5-.1-.8-.9-.3l-15.8 10L2 16.7c-1.5-.5-1.5-1.5.3-2.2L28.9 4.3c1.3-.5 2.3.3 1.9 2.2z\"\/><\/svg><\/span><\/a><\/li><li class=\"shariff-button twitter shariff-nocustomcolor\" style=\"background-color:#595959;border-radius:25%\"><a href=\"https:\/\/twitter.com\/share?url=https%3A%2F%2F23rhahn.ideanet.at%2F%3Fpage_id%3D58&text=%C3%9Cber%20mich\" title=\"Bei X teilen\" aria-label=\"Bei X teilen\" role=\"button\" rel=\"noopener nofollow\" class=\"shariff-link\" style=\";border-radius:25%; background-color:#000; color:#fff\" target=\"_blank\"><span class=\"shariff-icon\" style=\"\"><svg width=\"32px\" height=\"20px\" xmlns=\"http:\/\/www.w3.org\/2000\/svg\" viewBox=\"0 0 24 24\"><path fill=\"#000\" d=\"M14.258 10.152L23.176 0h-2.113l-7.747 8.813L7.133 0H0l9.352 13.328L0 23.973h2.113l8.176-9.309 6.531 9.309h7.133zm-2.895 3.293l-.949-1.328L2.875 1.56h3.246l6.086 8.523.945 1.328 7.91 11.078h-3.246zm0 0\"\/><\/svg><\/span><\/a><\/li><\/ul><\/div>","protected":false},"excerpt":{"rendered":"<p>Mein Name ist Richard und ich bin 15 Jahre alt. In meiner Freizeit verbringe ich viel Zeit mit Fotografie und Videografie. Speziell gef\u00e4llt mir das Fotografieren von V\u00f6geln, die mich in meinem Garten besuchen. Da ich direkt an einem Waldrand wohne, zeigen sich ganz fr\u00fch morgens auch gerne einmal Rehe. Morgens um 4 Uhr aufzustehen [&hellip;]<\/p>\n","protected":false},"author":1,"featured_media":0,"parent":0,"menu_order":0,"comment_status":"closed","ping_status":"closed","template":"","meta":{"site-sidebar-layout":"no-sidebar","site-content-layout":"page-builder","ast-site-content-layout":"default","site-content-style":"default","site-sidebar-style":"default","ast-global-header-display":"","ast-banner-title-visibility":"","ast-main-header-display":"","ast-hfb-above-header-display":"","ast-hfb-below-header-display":"","ast-hfb-mobile-header-display":"","site-post-title":"disabled","ast-breadcrumbs-content":"","ast-featured-img":"disabled","footer-sml-layout":"","ast-disable-related-posts":"","theme-transparent-header-meta":"","adv-header-id-meta":"","stick-header-meta":"","header-above-stick-meta":"","header-main-stick-meta":"","header-below-stick-meta":"","astra-migrate-meta-layouts":"default","ast-page-background-enabled":"default","ast-page-background-meta":{"desktop":{"background-color":"var(--ast-global-color-4)","background-image":"","background-repeat":"repeat","background-position":"center center","background-size":"auto","background-attachment":"scroll","background-type":"","background-media":"","overlay-type":"","overlay-color":"","overlay-opacity":"","overlay-gradient":""},"tablet":{"background-color":"","background-image":"","background-repeat":"repeat","background-position":"center center","background-size":"auto","background-attachment":"scroll","background-type":"","background-media":"","overlay-type":"","overlay-color":"","overlay-opacity":"","overlay-gradient":""},"mobile":{"background-color":"","background-image":"","background-repeat":"repeat","background-position":"center center","background-size":"auto","background-attachment":"scroll","background-type":"","background-media":"","overlay-type":"","overlay-color":"","overlay-opacity":"","overlay-gradient":""}},"ast-content-background-meta":{"desktop":{"background-color":"var(--ast-global-color-5)","background-image":"","background-repeat":"repeat","background-position":"center center","background-size":"auto","background-attachment":"scroll","background-type":"","background-media":"","overlay-type":"","overlay-color":"","overlay-opacity":"","overlay-gradient":""},"tablet":{"background-color":"var(--ast-global-color-5)","background-image":"","background-repeat":"repeat","background-position":"center center","background-size":"auto","background-attachment":"scroll","background-type":"","background-media":"","overlay-type":"","overlay-color":"","overlay-opacity":"","overlay-gradient":""},"mobile":{"background-color":"var(--ast-global-color-5)","background-image":"","background-repeat":"repeat","background-position":"center center","background-size":"auto","background-attachment":"scroll","background-type":"","background-media":"","overlay-type":"","overlay-color":"","overlay-opacity":"","overlay-gradient":""}},"footnotes":""},"class_list":["post-58","page","type-page","status-publish","hentry"],"_links":{"self":[{"href":"https:\/\/23rhahn.ideanet.at\/index.php?rest_route=\/wp\/v2\/pages\/58","targetHints":{"allow":["GET"]}}],"collection":[{"href":"https:\/\/23rhahn.ideanet.at\/index.php?rest_route=\/wp\/v2\/pages"}],"about":[{"href":"https:\/\/23rhahn.ideanet.at\/index.php?rest_route=\/wp\/v2\/types\/page"}],"author":[{"embeddable":true,"href":"https:\/\/23rhahn.ideanet.at\/index.php?rest_route=\/wp\/v2\/users\/1"}],"replies":[{"embeddable":true,"href":"https:\/\/23rhahn.ideanet.at\/index.php?rest_route=%2Fwp%2Fv2%2Fcomments&post=58"}],"version-history":[{"count":7,"href":"https:\/\/23rhahn.ideanet.at\/index.php?rest_route=\/wp\/v2\/pages\/58\/revisions"}],"predecessor-version":[{"id":158,"href":"https:\/\/23rhahn.ideanet.at\/index.php?rest_route=\/wp\/v2\/pages\/58\/revisions\/158"}],"wp:attachment":[{"href":"https:\/\/23rhahn.ideanet.at\/index.php?rest_route=%2Fwp%2Fv2%2Fmedia&parent=58"}],"curies":[{"name":"wp","href":"https:\/\/api.w.org\/{rel}","templated":true}]}}